{"id":18264,"date":"2019-11-29T06:17:31","date_gmt":"2019-11-29T06:17:31","guid":{"rendered":"https:\/\/document360.com\/inscribirse\/"},"modified":"2026-02-04T13:10:48","modified_gmt":"2026-02-04T13:10:48","slug":"conheca","status":"publish","type":"page","link":"https:\/\/document360.com\/pt-br\/conheca\/","title":{"rendered":"Conheca"},"content":{"rendered":"<div class=\"d360-form-container d360-signup-container\">\r\n<div class=\"d360-form-block d360-signup_bg text-center\">\r\n        <!-- The form now wraps EVERYTHING -->\r\n        <form id=\"signupform\" class=\"form_block md-form text-start border-radius\" method=\"post\" name=\"signupform\" novalidate=\"novalidate\">\r\n            <input type=\"hidden\" name=\"CRO1\" id=\"CRO1\" maxlength=\"50\" pattern=\"[A-Za-z0-9]*\" data-gaconnector-tracked=\"true\">\r\n            <input type=\"hidden\" name=\"CRO2\" id=\"CRO2\" maxlength=\"50\" pattern=\"[A-Za-z0-9]*\" data-gaconnector-tracked=\"true\">\r\n            <input type=\"hidden\" name=\"Usecase\" id=\"Usecase\" maxlength=\"250\">\r\n            <input type=\"hidden\" name=\"Industry\" id=\"Industry\" maxlength=\"250\">\r\n            \r\n            <!-- Triage section is now INSIDE the form -->\r\n            <div class=\"d360-triage-wrap\">\r\n                <div class=\"logo-center pt-0 pb-3\">\r\n                    <a href=\"\/pt-br\"><img decoding=\"async\"  src=\"\/wp-content\/themes\/document360\/images\/logo.png\" alt=\"Document360\" ><\/a>\r\n                <\/div>\r\n                <h3 class=\"pb-2\">Avalia\u00e7\u00e3o Gratuita<\/h3>\r\n                <p class=\"text-xs mb-2 credit-card-note\">N\u00e3o \u00e9 necess\u00e1rio cart\u00e3o de cr\u00e9dito.<\/p>\r\n                <div class=\"questions-wrap\">\r\n                    <div class=\"question-item question-1\">\r\n                        <div class=\"question-heading\">O que voc\u00ea deseja documentar?<\/div>\r\n                        <div class=\"answers-wrap\">\r\n                            <div class=\"answer-item\">\r\n                                <div class=\"answer-checkbox\"><\/div>\r\n                                <img decoding=\"async\" src=\"\/wp-content\/themes\/document360\/images\/signup\/knowledge_base.svg\" class=\"answer-image\" alt=\"Knowledge Base\" width=\"32\" height=\"32\" loading=\"lazy\" \/>\r\n                                <div class=\"answer-text\">Base de Conhecimento<\/div>\r\n                            <\/div>\r\n                            <div class=\"answer-item\">\r\n                                <div class=\"answer-checkbox\"><\/div>\r\n                                <img decoding=\"async\" src=\"\/wp-content\/themes\/document360\/images\/signup\/documentation.svg\" class=\"answer-image\" alt=\"Documentation\" width=\"32\" height=\"32\" loading=\"lazy\" \/>\r\n                                <div class=\"answer-text\">Documenta\u00e7\u00e3o<\/div>\r\n                            <\/div>\r\n                            <div class=\"answer-item\">\r\n                                <div class=\"answer-checkbox\"><\/div>\r\n                                <img decoding=\"async\" src=\"\/wp-content\/themes\/document360\/images\/signup\/sops.svg\" class=\"answer-image\" alt=\"SOPs\" width=\"32\" height=\"32\" loading=\"lazy\" \/>\r\n                                <div class=\"answer-text\">SOPs<\/div>\r\n                            <\/div>\r\n                            <div class=\"answer-item\">\r\n                                <div class=\"answer-checkbox\"><\/div>\r\n                                <img decoding=\"async\" src=\"\/wp-content\/themes\/document360\/images\/signup\/user_manuals.svg\" class=\"answer-image\" alt=\"User Manuals\" width=\"32\" height=\"32\" loading=\"lazy\" \/>\r\n                                <div class=\"answer-text\">Manuais do Usu\u00e1rio \/ <br>Guia Passo a Passo<\/div>\r\n                            <\/div>\r\n                            <div class=\"answer-item\">\r\n                                <div class=\"answer-checkbox\"><\/div>\r\n                                <img loading=\"lazy\" decoding=\"async\" src=\"\/wp-content\/themes\/document360\/images\/signup\/ai-chatbot.svg?ver=1\" class=\"answer-image\" alt=\"AI chatbot\" width=\"32\" height=\"32\"\/>\r\n                                <div class=\"answer-text\">AI Chatbot<\/div>\r\n                            <\/div>\r\n                            <div class=\"answer-item\">\r\n                                <div class=\"answer-checkbox\"><\/div>\r\n                                <img decoding=\"async\" src=\"\/wp-content\/themes\/document360\/images\/signup\/othernot_sure.svg\" class=\"answer-image\" alt=\"Other\/Not Sure\" width=\"32\" height=\"32\" loading=\"lazy\" \/>\r\n                                <div class=\"answer-text\">Outro\/N\u00e3o tenho certeza<\/div>\r\n                            <\/div>\r\n                        <\/div>\r\n                        <div class=\"question-error-message d360-hidden\">Please select an option<\/div>\r\n                        <div class=\"next-question btn btn-primary w-100\">Pr\u00f3ximo<\/div>\r\n                    <\/div>\r\n                    <div class=\"question-item question-2 d360-hidden\">\r\n                        <div class=\"question-heading\">Em que setor voc\u00ea trabalha?<\/div>\r\n                        <div class=\"answers-wrap\">\r\n                            <div class=\"answer-item\"> <div class=\"answer-checkbox\"><\/div> <img loading=\"lazy\" decoding=\"async\" src=\"\/wp-content\/themes\/document360\/images\/signup\/saas.svg\" class=\"answer-image\" alt=\"SaaS\" width=\"32\" height=\"32\" \/> <div class=\"answer-text\">SaaS<\/div> <\/div>\r\n                            <div class=\"answer-item\"> <div class=\"answer-checkbox\"><\/div> <img loading=\"lazy\" decoding=\"async\" src=\"\/wp-content\/themes\/document360\/images\/signup\/manufacturing.svg\" class=\"answer-image\" alt=\"Manufacturing\" width=\"32\" height=\"32\" \/> <div class=\"answer-text\">Manufacturing<\/div> <\/div>\r\n                            <div class=\"answer-item\"> <div class=\"answer-checkbox\"><\/div> <img loading=\"lazy\" decoding=\"async\" src=\"\/wp-content\/themes\/document360\/images\/signup\/financial_services.svg\" class=\"answer-image\" alt=\"Financial Services\" width=\"32\" height=\"32\" \/> <div class=\"answer-text\">Servi\u00e7os Financeiros<\/div> <\/div>\r\n                            <div class=\"answer-item\"> <div class=\"answer-checkbox\"><\/div> <img loading=\"lazy\" decoding=\"async\" src=\"\/wp-content\/themes\/document360\/images\/signup\/it__consulting.svg\" class=\"answer-image\" alt=\"IT &#038; Consulting\" width=\"32\" height=\"32\" \/> <div class=\"answer-text\">TI e Consultoria<\/div> <\/div>\r\n                            <div class=\"answer-item\"> <div class=\"answer-checkbox\"><\/div> <img loading=\"lazy\" decoding=\"async\" src=\"\/wp-content\/themes\/document360\/images\/signup\/education.svg\" class=\"answer-image\" alt=\"Education\" width=\"32\" height=\"32\" \/> <div class=\"answer-text\">Educa\u00e7\u00e3o<\/div> <\/div>\r\n                            <div class=\"answer-item\"> <div class=\"answer-checkbox\"><\/div> <img loading=\"lazy\" decoding=\"async\" src=\"\/wp-content\/themes\/document360\/images\/signup\/healthcare.svg\" class=\"answer-image\" alt=\"Healthcare\" width=\"32\" height=\"32\" \/> <div class=\"answer-text\">Assist\u00eancia m\u00e9dica<\/div> <\/div>\r\n                            <div class=\"answer-item\"> <div class=\"answer-checkbox\"><\/div> <img loading=\"lazy\" decoding=\"async\" src=\"\/wp-content\/themes\/document360\/images\/signup\/marketing__media.svg\" class=\"answer-image\" alt=\"Marketing &#038; Media\" width=\"32\" height=\"32\" \/> <div class=\"answer-text\">Marketing e M\u00eddia<\/div> <\/div>\r\n                            <div class=\"answer-item\"> <div class=\"answer-checkbox\"><\/div> <img loading=\"lazy\" decoding=\"async\" src=\"\/wp-content\/themes\/document360\/images\/signup\/utilities__construction.svg\" class=\"answer-image\" alt=\"Utilities &#038; Construction\" width=\"32\" height=\"32\" \/> <div class=\"answer-text\">Servi\u00e7os P\u00fablicos e Constru\u00e7\u00e3o<\/div> <\/div>\r\n                            <div class=\"answer-item\"> <div class=\"answer-checkbox\"><\/div> <img loading=\"lazy\" decoding=\"async\" src=\"\/wp-content\/themes\/document360\/images\/signup\/other.svg\" class=\"answer-image\" alt=\"Other\" width=\"32\" height=\"32\" \/> <div class=\"answer-text\">Outro<\/div> <\/div>\r\n                        <\/div>\r\n                        <div class=\"question-error-message d360-hidden\">Please select an option<\/div>\r\n                        <div class=\"next-question btn btn-primary w-100\">Pr\u00f3ximo<\/div>\r\n                    <\/div>\r\n                <\/div>\r\n                <p class=\"text-center text-xs sign-in-text\">J\u00e1 tem uma conta? <a href=\"https:\/\/identity.document360.io\/Account\/Login\"><b>Entrar<\/b><\/a><\/p>\r\n            <\/div>\r\n            \r\n            <!-- This wrapper contains the original form fields -->\r\n            <div class=\"form-fields-wrapper d360-hidden\">\r\n                <div class=\"logo-center pt-0 pb-4\">\r\n                   <a href=\"\/pt-br\"><img decoding=\"async\" src=\"\/wp-content\/themes\/document360\/images\/logo.png\" alt=\"Document360\" loading=\"lazy\"><\/a>\r\n                <\/div>\r\n                <h3 class=\"pb-2\">crie sua conta<\/h3>    \r\n                <p class=\"text-xs mb-2\">Teste gratuito de 14 dias. N\u00e3o \u00e9 necess\u00e1rio cart\u00e3o de cr\u00e9dito.<\/p>\r\n                <div class=\"row text-left\">\r\n                         <div class=\"col-md-6\">\r\n                            <div class=\"form-group\">    \r\n                               <input id=\"FirstName\" class=\"form-control\" name=\"FirstName\" type=\"text\" autofocus=\"\">\r\n                               <label for=\"FirstName\"><span>\r\nPrimeiro Nome<sup>&starf;<\/sup><\/span><\/label>\r\n                            <\/div>\r\n                         <\/div>\r\n                         <div class=\"col-md-6\">\r\n                            <div class=\"form-group\">     \r\n                               <input id=\"LastName\" class=\"form-control\" name=\"LastName\" type=\"text\">\r\n                               <label for=\"LastName\"><span>Sobrenome<sup>&starf;<\/sup><\/span><\/label>       \r\n                            <\/div>\r\n                         <\/div>\r\n                   <div class=\"col-md-12\">\r\n                      <div class=\"form-group\">\r\n                         <input id=\"Email\" class=\"form-control\" name=\"Email\" type=\"email\">\r\n                         <label for=\"Email\"><span>\r\nE-mail corporativo<sup>&starf;<\/sup><\/span><\/label>\r\n                      <\/div>\r\n                   <\/div>\r\n                   <div class=\"col-md-12\">\r\n                      <div class=\"form-group\">    \r\n                         <input class=\"form-control\" id=\"JobTitle\" name=\"JobTitle\" type=\"text\">\r\n                         <label for=\"JobTitle\"><span>\r\nCargo<sup>&starf;<\/sup><\/span><\/label>\r\n                      <\/div>\r\n                   <\/div>\r\n                   <div class=\"col-md-12 d360-hidden\">\r\n                      <div class=\"form-group\">\r\n                         <select name=\"Timeline\" id=\"Timeline\" class=\"form-control\" disabled>\r\n                            <option disabled=\"disabled\" selected=\"selected\" value=\"\">Selecione a linha do tempo<\/option>\r\n                            <option value=\"Immediate\">Imediato<\/option>\r\n                            <option value=\"Less than 2 weeks\">Menos de 2 semanas<\/option>\r\n                            <option value=\"1 - 3 months\">1 \u2013 3 meses<\/option>\r\n                            <option value=\"No timeline\"><option value=\"No timeline\">Sem cronograma<\/option><\/option>\r\n                         <\/select>\r\n                         <label for=\"Timeline\"><span>Cronograma de implementa\u00e7\u00e3oe<sup>&starf;<\/sup><\/span><\/label>\r\n                      <\/div>\r\n                   <\/div>\r\n                   <div class=\"col-md-12 country-select d360-hidden\">\r\n                      <div class=\"form-group mb-3\">      \r\n                         <input id=\"phone\" class=\"form-control phone_number\" name=\"Telephone\" data-msg-minlength=\"Phone number must be at least 10 digits.\" type=\"tel\" disabled>\r\n                         <label for=\"phone\"><span>Telefone<sup>&starf;<\/sup><\/span><\/label>\r\n                      <\/div>\r\n                   <\/div>\r\n                <\/div>\r\n\t\t\t\t <!--<div class=\"g-recaptcha\" data-sitekey=\"6Le83-QcAAAAAFFD41u2YJJa6PdHLeBplSEiOvhd\"\r\n                    data-callback=\"onSubmit\" data-size=\"invisible\">\r\n                <\/div>-->     \r\n               <div class=\"cf-turnstile\" data-sitekey=\"0x4AAAAAAAWZZfsZ7L1cNA0I\" data-theme=\"light\" data-callback=\"onTokenReceived\"><\/div>\r\n                <p class=\"text-center text-xs pb-2\">Ao se inscrever, voc\u00ea concorda com nossos <a href=\"https:\/\/document360.com\/terms\/\" class=\"text-primary\" target=\"_blank\" rel=\"noopener noreferrer\"><b>Termos<\/b><\/a>, <a href=\"https:\/\/document360.com\/privacy\/\"  class=\"text-primary\" target=\"_blank\" rel=\"noopener noreferrer\"><b>pol\u00edtica de Privacidade<\/b><\/a> and <a  class=\"text-primary\"href=\"\/gdpr-compliance\/\" target=\"_blank\" rel=\"noopener noreferrer\"><b>GDPR<\/b><\/a><\/p>\r\n                <div class=\"text-center my-1 pb-2\"><input id=\"btn-signup\" class=\"submit-button btn btn-primary w-100\" disabled=\"disabled\" name=\"Register\" type=\"submit\" value=\"Iniciar teste gratuito\">\r\n                   <div class=\"loading_form\" style=\"display: none;\"><span class=\"btn btn-dark w-100\"><svg class=\"sl-spin mr-1\" xmlns=\"http:\/\/www.w3.org\/2000\/svg\" width=\"17.157\" height=\"18\" viewBox=\"0 0 17.157 18\">\r\n                         <g transform=\"translate(-0.617)\">\r\n                            <g transform=\"translate(0.617 0)\">\r\n                               <circle cx=\"2.105\" cy=\"2.105\" r=\"2.105\" transform=\"translate(6.895)\"><\/circle>\r\n                               <circle cx=\"1.263\" cy=\"1.263\" r=\"1.263\" transform=\"translate(7.737 15.474)\"><\/circle>\r\n                               <circle cx=\"1.895\" cy=\"1.895\" r=\"1.895\" transform=\"translate(1.932 2.353)\"><\/circle>\r\n                               <circle cx=\"1.053\" cy=\"1.053\" r=\"1.053\" transform=\"translate(13.121 13.541)\"><\/circle>\r\n                               <circle cx=\"1.684\" cy=\"1.684\" r=\"1.684\" transform=\"translate(0 7.738)\"><\/circle>\r\n                               <circle cx=\"0.842\" cy=\"0.842\" r=\"0.842\" transform=\"translate(15.474 8.579)\"><\/circle>\r\n                               <path d=\"M4.494,19.638a1.473,1.473,0,1,0,2.083,0A1.472,1.472,0,0,0,4.494,19.638Z\" transform=\"translate(-1.709 -6.086)\"><\/path>\r\n                               <circle cx=\"0.631\" cy=\"0.631\" r=\"0.631\" transform=\"translate(13.541 3.616)\"><\/circle>\r\n                            <\/g>\r\n                         <\/g>\r\n                      <\/svg> Please wait\u2026<\/span><\/div>\r\n                <\/div>\r\n               <div class=\"exception_message\" style=\"display: none;\">\r\n                   <div id=\"exception_message_content\"> <\/div>\r\n                   <div class=\"alert_close\">\u00d7<\/div>\r\n                <\/div>\r\n                <div class=\"outcome_message\" style=\"display: none;\">\r\n                   <div id=\"outcome_message_content\"> <\/div>\r\n                   <div class=\"alert_close\">\u00d7<\/div>\r\n                <\/div>\r\n                <p class=\"text-center text-xs sign-in-text pb-0\">J\u00e1 tem uma conta? <a href=\"https:\/\/identity.document360.io\/Account\/Login\"><b>Entrar<\/b><\/a><\/p>\r\n            <\/div>\r\n         <\/form>       \r\n    <\/div>\r\n<\/div>","protected":false},"excerpt":{"rendered":"N\u00e3o \u00e9 necess\u00e1rio cart\u00e3o de cr\u00e9dito. O que voc\u00ea deseja documentar? Base de &#8230;","protected":false},"author":2,"featured_media":18144,"parent":0,"menu_order":0,"comment_status":"closed","ping_status":"closed","template":"","meta":{"footnotes":""},"class_list":["post-18264","page","type-page","status-publish","has-post-thumbnail","hentry"],"yoast_head":"<!-- This site is optimized with the Yoast SEO plugin v27.5 - https:\/\/yoast.com\/product\/yoast-seo-wordpress\/ -->\n<title>Comece Sua Avalia\u00e7\u00e3o Gratuita Hoje, Document360 Base de Conhecimento<\/title>\n<meta name=\"description\" content=\"Experimente o Document360 gratuitamente &amp; veja como voc\u00ea pode construir sua base de conhecimento, SOP ou manuais sem esfor\u00e7o. Nenhum cart\u00e3o de cr\u00e9dito necess\u00e1rio para come\u00e7ar.\" \/>\n<meta name=\"robots\" content=\"index, follow, max-snippet:-1, max-image-preview:large, max-video-preview:-1\" \/>\n<link rel=\"canonical\" href=\"https:\/\/document360.com\/pt-br\/conheca\/\" \/>\n<meta property=\"og:locale\" content=\"pt_BR\" \/>\n<meta property=\"og:type\" content=\"article\" \/>\n<meta property=\"og:title\" content=\"Comece Sua Avalia\u00e7\u00e3o Gratuita Hoje, Document360 Base de Conhecimento\" \/>\n<meta property=\"og:description\" content=\"Experimente o Document360 gratuitamente &amp; veja como voc\u00ea pode construir sua base de conhecimento, SOP ou manuais sem esfor\u00e7o. Nenhum cart\u00e3o de cr\u00e9dito necess\u00e1rio para come\u00e7ar.\" \/>\n<meta property=\"og:url\" content=\"https:\/\/document360.com\/pt-br\/conheca\/\" \/>\n<meta property=\"og:site_name\" content=\"Document360\" \/>\n<meta property=\"article:publisher\" content=\"https:\/\/www.facebook.com\/document360\/\" \/>\n<meta property=\"article:modified_time\" content=\"2026-02-04T13:10:48+00:00\" \/>\n<meta property=\"og:image\" content=\"https:\/\/document360.com\/wp-content\/uploads\/2024\/04\/Signup-OG-Image.png\" \/>\n\t<meta property=\"og:image:width\" content=\"1200\" \/>\n\t<meta property=\"og:image:height\" content=\"626\" \/>\n\t<meta property=\"og:image:type\" content=\"image\/png\" \/>\n<meta name=\"twitter:card\" content=\"summary_large_image\" \/>\n<meta name=\"twitter:site\" content=\"@document360\" \/>\n<meta name=\"twitter:label1\" content=\"Est. tempo de leitura\" \/>\n\t<meta name=\"twitter:data1\" content=\"1 minuto\" \/>\n<script type=\"application\/ld+json\" class=\"yoast-schema-graph\">{\"@context\":\"https:\\\/\\\/schema.org\",\"@graph\":[{\"@type\":\"WebPage\",\"@id\":\"https:\\\/\\\/document360.com\\\/pt-br\\\/conheca\\\/\",\"url\":\"https:\\\/\\\/document360.com\\\/pt-br\\\/conheca\\\/\",\"name\":\"Comece Sua Avalia\u00e7\u00e3o Gratuita Hoje, Document360 Base de Conhecimento\",\"isPartOf\":{\"@id\":\"https:\\\/\\\/document360.com\\\/pt-br\\\/#website\"},\"primaryImageOfPage\":{\"@id\":\"https:\\\/\\\/document360.com\\\/pt-br\\\/conheca\\\/#primaryimage\"},\"image\":{\"@id\":\"https:\\\/\\\/document360.com\\\/pt-br\\\/conheca\\\/#primaryimage\"},\"thumbnailUrl\":\"https:\\\/\\\/document360.com\\\/wp-content\\\/uploads\\\/2024\\\/04\\\/Signup-OG-Image.png\",\"datePublished\":\"2019-11-29T06:17:31+00:00\",\"dateModified\":\"2026-02-04T13:10:48+00:00\",\"description\":\"Experimente o Document360 gratuitamente & veja como voc\u00ea pode construir sua base de conhecimento, SOP ou manuais sem esfor\u00e7o. Nenhum cart\u00e3o de cr\u00e9dito necess\u00e1rio para come\u00e7ar.\",\"breadcrumb\":{\"@id\":\"https:\\\/\\\/document360.com\\\/pt-br\\\/conheca\\\/#breadcrumb\"},\"inLanguage\":\"pt-BR\",\"potentialAction\":[{\"@type\":\"ReadAction\",\"target\":[\"https:\\\/\\\/document360.com\\\/pt-br\\\/conheca\\\/\"]}]},{\"@type\":\"ImageObject\",\"inLanguage\":\"pt-BR\",\"@id\":\"https:\\\/\\\/document360.com\\\/pt-br\\\/conheca\\\/#primaryimage\",\"url\":\"https:\\\/\\\/document360.com\\\/wp-content\\\/uploads\\\/2024\\\/04\\\/Signup-OG-Image.png\",\"contentUrl\":\"https:\\\/\\\/document360.com\\\/wp-content\\\/uploads\\\/2024\\\/04\\\/Signup-OG-Image.png\",\"width\":1200,\"height\":626},{\"@type\":\"BreadcrumbList\",\"@id\":\"https:\\\/\\\/document360.com\\\/pt-br\\\/conheca\\\/#breadcrumb\",\"itemListElement\":[{\"@type\":\"ListItem\",\"position\":1,\"name\":\"Home\",\"item\":\"https:\\\/\\\/document360.com\\\/pt-br\\\/\"},{\"@type\":\"ListItem\",\"position\":2,\"name\":\"Conheca\"}]},{\"@type\":\"WebSite\",\"@id\":\"https:\\\/\\\/document360.com\\\/pt-br\\\/#website\",\"url\":\"https:\\\/\\\/document360.com\\\/pt-br\\\/\",\"name\":\"Document360\",\"description\":\"The knowledge base that scales with your product.\",\"publisher\":{\"@id\":\"https:\\\/\\\/document360.com\\\/pt-br\\\/#organization\"},\"potentialAction\":[{\"@type\":\"SearchAction\",\"target\":{\"@type\":\"EntryPoint\",\"urlTemplate\":\"https:\\\/\\\/document360.com\\\/pt-br\\\/?s={search_term_string}\"},\"query-input\":{\"@type\":\"PropertyValueSpecification\",\"valueRequired\":true,\"valueName\":\"search_term_string\"}}],\"inLanguage\":\"pt-BR\"},{\"@type\":\"Organization\",\"@id\":\"https:\\\/\\\/document360.com\\\/pt-br\\\/#organization\",\"name\":\"Document360\",\"url\":\"https:\\\/\\\/document360.com\\\/pt-br\\\/\",\"logo\":{\"@type\":\"ImageObject\",\"inLanguage\":\"pt-BR\",\"@id\":\"https:\\\/\\\/document360.com\\\/pt-br\\\/#\\\/schema\\\/logo\\\/image\\\/\",\"url\":\"https:\\\/\\\/document360.com\\\/wp-content\\\/uploads\\\/2018\\\/06\\\/logo.png\",\"contentUrl\":\"https:\\\/\\\/document360.com\\\/wp-content\\\/uploads\\\/2018\\\/06\\\/logo.png\",\"width\":270,\"height\":35,\"caption\":\"Document360\"},\"image\":{\"@id\":\"https:\\\/\\\/document360.com\\\/pt-br\\\/#\\\/schema\\\/logo\\\/image\\\/\"},\"sameAs\":[\"https:\\\/\\\/www.facebook.com\\\/document360\\\/\",\"https:\\\/\\\/x.com\\\/document360\",\"https:\\\/\\\/www.linkedin.com\\\/company\\\/document360\"]}]}<\/script>\n<!-- \/ Yoast SEO plugin. -->","yoast_head_json":{"title":"Comece Sua Avalia\u00e7\u00e3o Gratuita Hoje, Document360 Base de Conhecimento","description":"Experimente o Document360 gratuitamente & veja como voc\u00ea pode construir sua base de conhecimento, SOP ou manuais sem esfor\u00e7o. Nenhum cart\u00e3o de cr\u00e9dito necess\u00e1rio para come\u00e7ar.","robots":{"index":"index","follow":"follow","max-snippet":"max-snippet:-1","max-image-preview":"max-image-preview:large","max-video-preview":"max-video-preview:-1"},"canonical":"https:\/\/document360.com\/pt-br\/conheca\/","og_locale":"pt_BR","og_type":"article","og_title":"Comece Sua Avalia\u00e7\u00e3o Gratuita Hoje, Document360 Base de Conhecimento","og_description":"Experimente o Document360 gratuitamente & veja como voc\u00ea pode construir sua base de conhecimento, SOP ou manuais sem esfor\u00e7o. Nenhum cart\u00e3o de cr\u00e9dito necess\u00e1rio para come\u00e7ar.","og_url":"https:\/\/document360.com\/pt-br\/conheca\/","og_site_name":"Document360","article_publisher":"https:\/\/www.facebook.com\/document360\/","article_modified_time":"2026-02-04T13:10:48+00:00","og_image":[{"width":1200,"height":626,"url":"https:\/\/document360.com\/wp-content\/uploads\/2024\/04\/Signup-OG-Image.png","type":"image\/png"}],"twitter_card":"summary_large_image","twitter_site":"@document360","twitter_misc":{"Est. tempo de leitura":"1 minuto"},"schema":{"@context":"https:\/\/schema.org","@graph":[{"@type":"WebPage","@id":"https:\/\/document360.com\/pt-br\/conheca\/","url":"https:\/\/document360.com\/pt-br\/conheca\/","name":"Comece Sua Avalia\u00e7\u00e3o Gratuita Hoje, Document360 Base de Conhecimento","isPartOf":{"@id":"https:\/\/document360.com\/pt-br\/#website"},"primaryImageOfPage":{"@id":"https:\/\/document360.com\/pt-br\/conheca\/#primaryimage"},"image":{"@id":"https:\/\/document360.com\/pt-br\/conheca\/#primaryimage"},"thumbnailUrl":"https:\/\/document360.com\/wp-content\/uploads\/2024\/04\/Signup-OG-Image.png","datePublished":"2019-11-29T06:17:31+00:00","dateModified":"2026-02-04T13:10:48+00:00","description":"Experimente o Document360 gratuitamente & veja como voc\u00ea pode construir sua base de conhecimento, SOP ou manuais sem esfor\u00e7o. Nenhum cart\u00e3o de cr\u00e9dito necess\u00e1rio para come\u00e7ar.","breadcrumb":{"@id":"https:\/\/document360.com\/pt-br\/conheca\/#breadcrumb"},"inLanguage":"pt-BR","potentialAction":[{"@type":"ReadAction","target":["https:\/\/document360.com\/pt-br\/conheca\/"]}]},{"@type":"ImageObject","inLanguage":"pt-BR","@id":"https:\/\/document360.com\/pt-br\/conheca\/#primaryimage","url":"https:\/\/document360.com\/wp-content\/uploads\/2024\/04\/Signup-OG-Image.png","contentUrl":"https:\/\/document360.com\/wp-content\/uploads\/2024\/04\/Signup-OG-Image.png","width":1200,"height":626},{"@type":"BreadcrumbList","@id":"https:\/\/document360.com\/pt-br\/conheca\/#breadcrumb","itemListElement":[{"@type":"ListItem","position":1,"name":"Home","item":"https:\/\/document360.com\/pt-br\/"},{"@type":"ListItem","position":2,"name":"Conheca"}]},{"@type":"WebSite","@id":"https:\/\/document360.com\/pt-br\/#website","url":"https:\/\/document360.com\/pt-br\/","name":"Document360","description":"The knowledge base that scales with your product.","publisher":{"@id":"https:\/\/document360.com\/pt-br\/#organization"},"potentialAction":[{"@type":"SearchAction","target":{"@type":"EntryPoint","urlTemplate":"https:\/\/document360.com\/pt-br\/?s={search_term_string}"},"query-input":{"@type":"PropertyValueSpecification","valueRequired":true,"valueName":"search_term_string"}}],"inLanguage":"pt-BR"},{"@type":"Organization","@id":"https:\/\/document360.com\/pt-br\/#organization","name":"Document360","url":"https:\/\/document360.com\/pt-br\/","logo":{"@type":"ImageObject","inLanguage":"pt-BR","@id":"https:\/\/document360.com\/pt-br\/#\/schema\/logo\/image\/","url":"https:\/\/document360.com\/wp-content\/uploads\/2018\/06\/logo.png","contentUrl":"https:\/\/document360.com\/wp-content\/uploads\/2018\/06\/logo.png","width":270,"height":35,"caption":"Document360"},"image":{"@id":"https:\/\/document360.com\/pt-br\/#\/schema\/logo\/image\/"},"sameAs":["https:\/\/www.facebook.com\/document360\/","https:\/\/x.com\/document360","https:\/\/www.linkedin.com\/company\/document360"]}]}},"_links":{"self":[{"href":"https:\/\/document360.com\/pt-br\/wp-json\/wp\/v2\/pages\/18264","targetHints":{"allow":["GET"]}}],"collection":[{"href":"https:\/\/document360.com\/pt-br\/wp-json\/wp\/v2\/pages"}],"about":[{"href":"https:\/\/document360.com\/pt-br\/wp-json\/wp\/v2\/types\/page"}],"author":[{"embeddable":true,"href":"https:\/\/document360.com\/pt-br\/wp-json\/wp\/v2\/users\/2"}],"replies":[{"embeddable":true,"href":"https:\/\/document360.com\/pt-br\/wp-json\/wp\/v2\/comments?post=18264"}],"version-history":[{"count":0,"href":"https:\/\/document360.com\/pt-br\/wp-json\/wp\/v2\/pages\/18264\/revisions"}],"wp:featuredmedia":[{"embeddable":true,"href":"https:\/\/document360.com\/pt-br\/wp-json\/wp\/v2\/media\/18144"}],"wp:attachment":[{"href":"https:\/\/document360.com\/pt-br\/wp-json\/wp\/v2\/media?parent=18264"}],"curies":[{"name":"wp","href":"https:\/\/api.w.org\/{rel}","templated":true}]}}