{"id":22448,"date":"2024-01-25T18:39:02","date_gmt":"2024-01-25T18:39:02","guid":{"rendered":"https:\/\/document360.com\/?page_id=22448"},"modified":"2025-01-29T11:10:48","modified_gmt":"2025-01-29T11:10:48","slug":"startup-program","status":"publish","type":"page","link":"https:\/\/document360.com\/fr\/startup-program\/","title":{"rendered":"Startup Partner"},"content":{"rendered":"","protected":false},"excerpt":{"rendered":"","protected":false},"author":43,"featured_media":0,"parent":0,"menu_order":0,"comment_status":"closed","ping_status":"closed","template":"","meta":{"footnotes":""},"class_list":["post-22448","page","type-page","status-publish","hentry"],"yoast_head":"<!-- This site is optimized with the Yoast SEO plugin v27.3 - https:\/\/yoast.com\/product\/yoast-seo-wordpress\/ -->\n<title>Programme de partenariat de d\u00e9marrage dans Document360<\/title>\n<meta name=\"description\" content=\"Devenez notre partenaire de d\u00e9marrage Document360 pour rejoindre une communaut\u00e9 mondiale d&#039;acc\u00e9l\u00e9rateurs, d&#039;incubateurs, de VC et de communaut\u00e9s de d\u00e9marrage. Inscrivez-vous d\u00e8s maintenant pour obtenir des avantages excitants!\" \/>\n<meta name=\"robots\" content=\"index, follow, max-snippet:-1, max-image-preview:large, max-video-preview:-1\" \/>\n<link rel=\"canonical\" href=\"https:\/\/document360.com\/fr\/startup-program\/\" \/>\n<meta property=\"og:locale\" content=\"fr_FR\" \/>\n<meta property=\"og:type\" content=\"article\" \/>\n<meta property=\"og:title\" content=\"Programme de partenariat de d\u00e9marrage dans Document360\" \/>\n<meta property=\"og:description\" content=\"Devenez notre partenaire de d\u00e9marrage Document360 pour rejoindre une communaut\u00e9 mondiale d&#039;acc\u00e9l\u00e9rateurs, d&#039;incubateurs, de VC et de communaut\u00e9s de d\u00e9marrage. Inscrivez-vous d\u00e8s maintenant pour obtenir des avantages excitants!\" \/>\n<meta property=\"og:url\" content=\"https:\/\/document360.com\/fr\/startup-program\/\" \/>\n<meta property=\"og:site_name\" content=\"Document360\" \/>\n<meta property=\"article:publisher\" content=\"https:\/\/www.facebook.com\/document360\/\" \/>\n<meta property=\"article:modified_time\" content=\"2025-01-29T11:10:48+00:00\" \/>\n<meta name=\"twitter:card\" content=\"summary_large_image\" \/>\n<meta name=\"twitter:site\" content=\"@document360\" \/>\n<script type=\"application\/ld+json\" class=\"yoast-schema-graph\">{\"@context\":\"https:\\\/\\\/schema.org\",\"@graph\":[{\"@type\":\"WebPage\",\"@id\":\"https:\\\/\\\/document360.com\\\/fr\\\/startup-program\\\/\",\"url\":\"https:\\\/\\\/document360.com\\\/fr\\\/startup-program\\\/\",\"name\":\"Programme de partenariat de d\u00e9marrage dans Document360\",\"isPartOf\":{\"@id\":\"https:\\\/\\\/document360.com\\\/fr\\\/#website\"},\"datePublished\":\"2024-01-25T18:39:02+00:00\",\"dateModified\":\"2025-01-29T11:10:48+00:00\",\"description\":\"Devenez notre partenaire de d\u00e9marrage Document360 pour rejoindre une communaut\u00e9 mondiale d'acc\u00e9l\u00e9rateurs, d'incubateurs, de VC et de communaut\u00e9s de d\u00e9marrage. Inscrivez-vous d\u00e8s maintenant pour obtenir des avantages excitants!\",\"breadcrumb\":{\"@id\":\"https:\\\/\\\/document360.com\\\/fr\\\/startup-program\\\/#breadcrumb\"},\"inLanguage\":\"fr-FR\",\"potentialAction\":[{\"@type\":\"ReadAction\",\"target\":[\"https:\\\/\\\/document360.com\\\/fr\\\/startup-program\\\/\"]}]},{\"@type\":\"BreadcrumbList\",\"@id\":\"https:\\\/\\\/document360.com\\\/fr\\\/startup-program\\\/#breadcrumb\",\"itemListElement\":[{\"@type\":\"ListItem\",\"position\":1,\"name\":\"Home\",\"item\":\"https:\\\/\\\/document360.com\\\/fr\\\/\"},{\"@type\":\"ListItem\",\"position\":2,\"name\":\"Startup Partner\"}]},{\"@type\":\"WebSite\",\"@id\":\"https:\\\/\\\/document360.com\\\/fr\\\/#website\",\"url\":\"https:\\\/\\\/document360.com\\\/fr\\\/\",\"name\":\"Document360\",\"description\":\"The knowledge base that scales with your product.\",\"publisher\":{\"@id\":\"https:\\\/\\\/document360.com\\\/fr\\\/#organization\"},\"potentialAction\":[{\"@type\":\"SearchAction\",\"target\":{\"@type\":\"EntryPoint\",\"urlTemplate\":\"https:\\\/\\\/document360.com\\\/fr\\\/?s={search_term_string}\"},\"query-input\":{\"@type\":\"PropertyValueSpecification\",\"valueRequired\":true,\"valueName\":\"search_term_string\"}}],\"inLanguage\":\"fr-FR\"},{\"@type\":\"Organization\",\"@id\":\"https:\\\/\\\/document360.com\\\/fr\\\/#organization\",\"name\":\"Document360\",\"url\":\"https:\\\/\\\/document360.com\\\/fr\\\/\",\"logo\":{\"@type\":\"ImageObject\",\"inLanguage\":\"fr-FR\",\"@id\":\"https:\\\/\\\/document360.com\\\/fr\\\/#\\\/schema\\\/logo\\\/image\\\/\",\"url\":\"https:\\\/\\\/document360.com\\\/wp-content\\\/uploads\\\/2018\\\/06\\\/logo.png\",\"contentUrl\":\"https:\\\/\\\/document360.com\\\/wp-content\\\/uploads\\\/2018\\\/06\\\/logo.png\",\"width\":270,\"height\":35,\"caption\":\"Document360\"},\"image\":{\"@id\":\"https:\\\/\\\/document360.com\\\/fr\\\/#\\\/schema\\\/logo\\\/image\\\/\"},\"sameAs\":[\"https:\\\/\\\/www.facebook.com\\\/document360\\\/\",\"https:\\\/\\\/x.com\\\/document360\",\"https:\\\/\\\/www.linkedin.com\\\/company\\\/document360\"]}]}<\/script>\n<!-- \/ Yoast SEO plugin. -->","yoast_head_json":{"title":"Programme de partenariat de d\u00e9marrage dans Document360","description":"Devenez notre partenaire de d\u00e9marrage Document360 pour rejoindre une communaut\u00e9 mondiale d'acc\u00e9l\u00e9rateurs, d'incubateurs, de VC et de communaut\u00e9s de d\u00e9marrage. Inscrivez-vous d\u00e8s maintenant pour obtenir des avantages excitants!","robots":{"index":"index","follow":"follow","max-snippet":"max-snippet:-1","max-image-preview":"max-image-preview:large","max-video-preview":"max-video-preview:-1"},"canonical":"https:\/\/document360.com\/fr\/startup-program\/","og_locale":"fr_FR","og_type":"article","og_title":"Programme de partenariat de d\u00e9marrage dans Document360","og_description":"Devenez notre partenaire de d\u00e9marrage Document360 pour rejoindre une communaut\u00e9 mondiale d'acc\u00e9l\u00e9rateurs, d'incubateurs, de VC et de communaut\u00e9s de d\u00e9marrage. Inscrivez-vous d\u00e8s maintenant pour obtenir des avantages excitants!","og_url":"https:\/\/document360.com\/fr\/startup-program\/","og_site_name":"Document360","article_publisher":"https:\/\/www.facebook.com\/document360\/","article_modified_time":"2025-01-29T11:10:48+00:00","twitter_card":"summary_large_image","twitter_site":"@document360","schema":{"@context":"https:\/\/schema.org","@graph":[{"@type":"WebPage","@id":"https:\/\/document360.com\/fr\/startup-program\/","url":"https:\/\/document360.com\/fr\/startup-program\/","name":"Programme de partenariat de d\u00e9marrage dans Document360","isPartOf":{"@id":"https:\/\/document360.com\/fr\/#website"},"datePublished":"2024-01-25T18:39:02+00:00","dateModified":"2025-01-29T11:10:48+00:00","description":"Devenez notre partenaire de d\u00e9marrage Document360 pour rejoindre une communaut\u00e9 mondiale d'acc\u00e9l\u00e9rateurs, d'incubateurs, de VC et de communaut\u00e9s de d\u00e9marrage. Inscrivez-vous d\u00e8s maintenant pour obtenir des avantages excitants!","breadcrumb":{"@id":"https:\/\/document360.com\/fr\/startup-program\/#breadcrumb"},"inLanguage":"fr-FR","potentialAction":[{"@type":"ReadAction","target":["https:\/\/document360.com\/fr\/startup-program\/"]}]},{"@type":"BreadcrumbList","@id":"https:\/\/document360.com\/fr\/startup-program\/#breadcrumb","itemListElement":[{"@type":"ListItem","position":1,"name":"Home","item":"https:\/\/document360.com\/fr\/"},{"@type":"ListItem","position":2,"name":"Startup Partner"}]},{"@type":"WebSite","@id":"https:\/\/document360.com\/fr\/#website","url":"https:\/\/document360.com\/fr\/","name":"Document360","description":"The knowledge base that scales with your product.","publisher":{"@id":"https:\/\/document360.com\/fr\/#organization"},"potentialAction":[{"@type":"SearchAction","target":{"@type":"EntryPoint","urlTemplate":"https:\/\/document360.com\/fr\/?s={search_term_string}"},"query-input":{"@type":"PropertyValueSpecification","valueRequired":true,"valueName":"search_term_string"}}],"inLanguage":"fr-FR"},{"@type":"Organization","@id":"https:\/\/document360.com\/fr\/#organization","name":"Document360","url":"https:\/\/document360.com\/fr\/","logo":{"@type":"ImageObject","inLanguage":"fr-FR","@id":"https:\/\/document360.com\/fr\/#\/schema\/logo\/image\/","url":"https:\/\/document360.com\/wp-content\/uploads\/2018\/06\/logo.png","contentUrl":"https:\/\/document360.com\/wp-content\/uploads\/2018\/06\/logo.png","width":270,"height":35,"caption":"Document360"},"image":{"@id":"https:\/\/document360.com\/fr\/#\/schema\/logo\/image\/"},"sameAs":["https:\/\/www.facebook.com\/document360\/","https:\/\/x.com\/document360","https:\/\/www.linkedin.com\/company\/document360"]}]}},"_links":{"self":[{"href":"https:\/\/document360.com\/fr\/wp-json\/wp\/v2\/pages\/22448","targetHints":{"allow":["GET"]}}],"collection":[{"href":"https:\/\/document360.com\/fr\/wp-json\/wp\/v2\/pages"}],"about":[{"href":"https:\/\/document360.com\/fr\/wp-json\/wp\/v2\/types\/page"}],"author":[{"embeddable":true,"href":"https:\/\/document360.com\/fr\/wp-json\/wp\/v2\/users\/43"}],"replies":[{"embeddable":true,"href":"https:\/\/document360.com\/fr\/wp-json\/wp\/v2\/comments?post=22448"}],"version-history":[{"count":0,"href":"https:\/\/document360.com\/fr\/wp-json\/wp\/v2\/pages\/22448\/revisions"}],"wp:attachment":[{"href":"https:\/\/document360.com\/fr\/wp-json\/wp\/v2\/media?parent=22448"}],"curies":[{"name":"wp","href":"https:\/\/api.w.org\/{rel}","templated":true}]}}