{"id":19996,"date":"2023-08-23T09:26:24","date_gmt":"2023-08-23T09:26:24","guid":{"rendered":"https:\/\/document360.com\/?page_id=19996"},"modified":"2024-08-29T12:48:50","modified_gmt":"2024-08-29T12:48:50","slug":"guias","status":"publish","type":"page","link":"https:\/\/document360.com\/es\/guias\/","title":{"rendered":"Guides"},"content":{"rendered":"<div class=\"d360-hero-bg-1 d360-hero-bg-2 py-5 mb-0\">\r\n<div class=\"container z-index-10 position-relative\">\r\n<div class=\"row\">\r\n<div class=\"col-lg-6\">\r\n<h1 class=\"h1_large\">\ud83d\udcd6 Gu\u00edas<\/h1>\r\n<p class=\"pb-0\">Consulte nuestras gu\u00edas destacadas que le ayudar\u00e1n a tener \u00e9xito en diversos aspectos de la gesti\u00f3n del conocimiento.<\/p>\r\n<\/div>\r\n<\/div>\r\n<\/div>\r\n<\/div>\r\n<div class=\"py-5\">\r\n<div class=\"container\">\r\n<div class=\"row d360-post-thumb d360-post-routine d360-guides\">\r\n<aside class=\"col-md-6 col-lg-4 mb-4\">\r\n<div class=\"d360-card border h-100 overflow-hidden\">\r\n<figure><a class=\"bg-grey-light p-5 text-center\" href=\"\/es\/software-de-bases-de-conocimiento\/\" target=\"_blank\" rel=\"noopener\"><img decoding=\"async\" src=\"https:\/\/document360.com\/wp-content\/themes\/document360\/images\/guides\/Knowledge-base-software.png\" alt=\"Knowledge Base Software\" \/><\/a><\/figure>\r\n<div class=\"d360-card-body h-100 d-flex flex-column justify-content-between\">\r\n<div class=\"txt-info\">\r\n<h4><a href=\"\/es\/software-de-bases-de-conocimiento\/\" target=\"_blank\" rel=\"noopener\">Software de base de conocimientos<\/a><\/h4>\r\n<p class=\"text-large\">Esta gu\u00eda definitiva cubrir\u00e1 todo lo que necesita saber sobre el software de base de conocimientos&#8230;<\/p>\r\n<\/div>\r\n<div class=\"bottom-txt\"><a class=\"link-more no-anim\" href=\"\/es\/software-de-bases-de-conocimiento\/\">Read More<\/a><\/div>\r\n<\/div>\r\n<\/div>\r\n<\/aside>\r\n<aside class=\"col-md-6 col-lg-4 mb-4\">\r\n<div class=\"d360-card border h-100 overflow-hidden\">\r\n<figure><a class=\"bg-grey-light p-5 text-center\" href=\"\/es\/gestion-del-conocimiento\/\" target=\"_blank\" rel=\"noopener\"><img decoding=\"async\" src=\"https:\/\/document360.com\/wp-content\/themes\/document360\/images\/guides\/Knowledge-Management.png\" alt=\"Gesti\u00f3n del conocimiento\" \/><\/a><\/figure>\r\n<div class=\"d360-card-body h-100 d-flex flex-column justify-content-between\">\r\n<div class=\"txt-info\">\r\n<h4><a href=\"\/es\/gestion-del-conocimiento\/\" target=\"_blank\" rel=\"noopener\">Gesti\u00f3n del conocimiento<\/a><\/h4>\r\n<p>Esta gu\u00eda completa cubrir\u00e1 el tema de la gesti\u00f3n del conocimiento en las empresas. Va a\u2026<\/p>\r\n<\/div>\r\n<div class=\"bottom-txt\"><a class=\"link-more no-anim\" href=\"\/es\/gestion-del-conocimiento\/\">Read More<\/a><\/div>\r\n<\/div>\r\n<\/div>\r\n<\/aside>\r\n\r\n\r\n\r\n\r\n\r\n\r\n<\/div>\r\n<\/div>\r\n<\/div>","protected":false},"excerpt":{"rendered":"Consulte nuestras gu\u00edas destacadas que le ayudar\u00e1n a tener \u00e9xito en diversos aspectos &#8230;","protected":false},"author":43,"featured_media":0,"parent":0,"menu_order":0,"comment_status":"closed","ping_status":"closed","template":"","meta":{"footnotes":""},"class_list":["post-19996","page","type-page","status-publish","hentry"],"yoast_head":"<!-- This site is optimized with the Yoast SEO plugin v27.3 - https:\/\/yoast.com\/product\/yoast-seo-wordpress\/ -->\n<title>Knowledge Management Guides curated by Technical experts | Document360<\/title>\n<meta name=\"description\" content=\"Check out our featured guides that will help you succeed with various aspects of knowledge management. Tap into these rich guides for valuable insights!\" \/>\n<meta name=\"robots\" content=\"index, follow, max-snippet:-1, max-image-preview:large, max-video-preview:-1\" \/>\n<link rel=\"canonical\" href=\"https:\/\/document360.com\/es\/guias\/\" \/>\n<meta property=\"og:locale\" content=\"es_ES\" \/>\n<meta property=\"og:type\" content=\"article\" \/>\n<meta property=\"og:title\" content=\"Knowledge Management Guides curated by Technical experts | Document360\" \/>\n<meta property=\"og:description\" content=\"Check out our featured guides that will help you succeed with various aspects of knowledge management. Tap into these rich guides for valuable insights!\" \/>\n<meta property=\"og:url\" content=\"https:\/\/document360.com\/es\/guias\/\" \/>\n<meta property=\"og:site_name\" content=\"Document360\" \/>\n<meta property=\"article:publisher\" content=\"https:\/\/www.facebook.com\/document360\/\" \/>\n<meta property=\"article:modified_time\" content=\"2024-08-29T12:48:50+00:00\" \/>\n<meta name=\"twitter:card\" content=\"summary_large_image\" \/>\n<meta name=\"twitter:site\" content=\"@document360\" \/>\n<meta name=\"twitter:label1\" content=\"Tiempo de lectura\" \/>\n\t<meta name=\"twitter:data1\" content=\"3 minutos\" \/>\n<script type=\"application\/ld+json\" class=\"yoast-schema-graph\">{\"@context\":\"https:\\\/\\\/schema.org\",\"@graph\":[{\"@type\":\"WebPage\",\"@id\":\"https:\\\/\\\/document360.com\\\/es\\\/guias\\\/\",\"url\":\"https:\\\/\\\/document360.com\\\/es\\\/guias\\\/\",\"name\":\"Knowledge Management Guides curated by Technical experts | Document360\",\"isPartOf\":{\"@id\":\"https:\\\/\\\/document360.com\\\/es\\\/#website\"},\"datePublished\":\"2023-08-23T09:26:24+00:00\",\"dateModified\":\"2024-08-29T12:48:50+00:00\",\"description\":\"Check out our featured guides that will help you succeed with various aspects of knowledge management. Tap into these rich guides for valuable insights!\",\"breadcrumb\":{\"@id\":\"https:\\\/\\\/document360.com\\\/es\\\/guias\\\/#breadcrumb\"},\"inLanguage\":\"es\",\"potentialAction\":[{\"@type\":\"ReadAction\",\"target\":[\"https:\\\/\\\/document360.com\\\/es\\\/guias\\\/\"]}]},{\"@type\":\"BreadcrumbList\",\"@id\":\"https:\\\/\\\/document360.com\\\/es\\\/guias\\\/#breadcrumb\",\"itemListElement\":[{\"@type\":\"ListItem\",\"position\":1,\"name\":\"Home\",\"item\":\"https:\\\/\\\/document360.com\\\/es\\\/\"},{\"@type\":\"ListItem\",\"position\":2,\"name\":\"Guides\"}]},{\"@type\":\"WebSite\",\"@id\":\"https:\\\/\\\/document360.com\\\/es\\\/#website\",\"url\":\"https:\\\/\\\/document360.com\\\/es\\\/\",\"name\":\"Document360\",\"description\":\"The knowledge base that scales with your product.\",\"publisher\":{\"@id\":\"https:\\\/\\\/document360.com\\\/es\\\/#organization\"},\"potentialAction\":[{\"@type\":\"SearchAction\",\"target\":{\"@type\":\"EntryPoint\",\"urlTemplate\":\"https:\\\/\\\/document360.com\\\/es\\\/?s={search_term_string}\"},\"query-input\":{\"@type\":\"PropertyValueSpecification\",\"valueRequired\":true,\"valueName\":\"search_term_string\"}}],\"inLanguage\":\"es\"},{\"@type\":\"Organization\",\"@id\":\"https:\\\/\\\/document360.com\\\/es\\\/#organization\",\"name\":\"Document360\",\"url\":\"https:\\\/\\\/document360.com\\\/es\\\/\",\"logo\":{\"@type\":\"ImageObject\",\"inLanguage\":\"es\",\"@id\":\"https:\\\/\\\/document360.com\\\/es\\\/#\\\/schema\\\/logo\\\/image\\\/\",\"url\":\"https:\\\/\\\/document360.com\\\/wp-content\\\/uploads\\\/2018\\\/06\\\/logo.png\",\"contentUrl\":\"https:\\\/\\\/document360.com\\\/wp-content\\\/uploads\\\/2018\\\/06\\\/logo.png\",\"width\":270,\"height\":35,\"caption\":\"Document360\"},\"image\":{\"@id\":\"https:\\\/\\\/document360.com\\\/es\\\/#\\\/schema\\\/logo\\\/image\\\/\"},\"sameAs\":[\"https:\\\/\\\/www.facebook.com\\\/document360\\\/\",\"https:\\\/\\\/x.com\\\/document360\",\"https:\\\/\\\/www.linkedin.com\\\/company\\\/document360\"]}]}<\/script>\n<!-- \/ Yoast SEO plugin. -->","yoast_head_json":{"title":"Knowledge Management Guides curated by Technical experts | Document360","description":"Check out our featured guides that will help you succeed with various aspects of knowledge management. Tap into these rich guides for valuable insights!","robots":{"index":"index","follow":"follow","max-snippet":"max-snippet:-1","max-image-preview":"max-image-preview:large","max-video-preview":"max-video-preview:-1"},"canonical":"https:\/\/document360.com\/es\/guias\/","og_locale":"es_ES","og_type":"article","og_title":"Knowledge Management Guides curated by Technical experts | Document360","og_description":"Check out our featured guides that will help you succeed with various aspects of knowledge management. Tap into these rich guides for valuable insights!","og_url":"https:\/\/document360.com\/es\/guias\/","og_site_name":"Document360","article_publisher":"https:\/\/www.facebook.com\/document360\/","article_modified_time":"2024-08-29T12:48:50+00:00","twitter_card":"summary_large_image","twitter_site":"@document360","twitter_misc":{"Tiempo de lectura":"3 minutos"},"schema":{"@context":"https:\/\/schema.org","@graph":[{"@type":"WebPage","@id":"https:\/\/document360.com\/es\/guias\/","url":"https:\/\/document360.com\/es\/guias\/","name":"Knowledge Management Guides curated by Technical experts | Document360","isPartOf":{"@id":"https:\/\/document360.com\/es\/#website"},"datePublished":"2023-08-23T09:26:24+00:00","dateModified":"2024-08-29T12:48:50+00:00","description":"Check out our featured guides that will help you succeed with various aspects of knowledge management. Tap into these rich guides for valuable insights!","breadcrumb":{"@id":"https:\/\/document360.com\/es\/guias\/#breadcrumb"},"inLanguage":"es","potentialAction":[{"@type":"ReadAction","target":["https:\/\/document360.com\/es\/guias\/"]}]},{"@type":"BreadcrumbList","@id":"https:\/\/document360.com\/es\/guias\/#breadcrumb","itemListElement":[{"@type":"ListItem","position":1,"name":"Home","item":"https:\/\/document360.com\/es\/"},{"@type":"ListItem","position":2,"name":"Guides"}]},{"@type":"WebSite","@id":"https:\/\/document360.com\/es\/#website","url":"https:\/\/document360.com\/es\/","name":"Document360","description":"The knowledge base that scales with your product.","publisher":{"@id":"https:\/\/document360.com\/es\/#organization"},"potentialAction":[{"@type":"SearchAction","target":{"@type":"EntryPoint","urlTemplate":"https:\/\/document360.com\/es\/?s={search_term_string}"},"query-input":{"@type":"PropertyValueSpecification","valueRequired":true,"valueName":"search_term_string"}}],"inLanguage":"es"},{"@type":"Organization","@id":"https:\/\/document360.com\/es\/#organization","name":"Document360","url":"https:\/\/document360.com\/es\/","logo":{"@type":"ImageObject","inLanguage":"es","@id":"https:\/\/document360.com\/es\/#\/schema\/logo\/image\/","url":"https:\/\/document360.com\/wp-content\/uploads\/2018\/06\/logo.png","contentUrl":"https:\/\/document360.com\/wp-content\/uploads\/2018\/06\/logo.png","width":270,"height":35,"caption":"Document360"},"image":{"@id":"https:\/\/document360.com\/es\/#\/schema\/logo\/image\/"},"sameAs":["https:\/\/www.facebook.com\/document360\/","https:\/\/x.com\/document360","https:\/\/www.linkedin.com\/company\/document360"]}]}},"_links":{"self":[{"href":"https:\/\/document360.com\/es\/wp-json\/wp\/v2\/pages\/19996","targetHints":{"allow":["GET"]}}],"collection":[{"href":"https:\/\/document360.com\/es\/wp-json\/wp\/v2\/pages"}],"about":[{"href":"https:\/\/document360.com\/es\/wp-json\/wp\/v2\/types\/page"}],"author":[{"embeddable":true,"href":"https:\/\/document360.com\/es\/wp-json\/wp\/v2\/users\/43"}],"replies":[{"embeddable":true,"href":"https:\/\/document360.com\/es\/wp-json\/wp\/v2\/comments?post=19996"}],"version-history":[{"count":0,"href":"https:\/\/document360.com\/es\/wp-json\/wp\/v2\/pages\/19996\/revisions"}],"wp:attachment":[{"href":"https:\/\/document360.com\/es\/wp-json\/wp\/v2\/media?parent=19996"}],"curies":[{"name":"wp","href":"https:\/\/api.w.org\/{rel}","templated":true}]}}