{"id":18353,"date":"2024-05-28T12:17:07","date_gmt":"2024-05-28T12:17:07","guid":{"rendered":"https:\/\/document360.com\/?page_id=18353"},"modified":"2026-04-02T09:27:38","modified_gmt":"2026-04-02T09:27:38","slug":"panaya","status":"publish","type":"page","link":"https:\/\/document360.com\/es\/panaya\/","title":{"rendered":"Panaya"},"content":{"rendered":"","protected":false},"excerpt":{"rendered":"","protected":false},"author":43,"featured_media":0,"parent":0,"menu_order":0,"comment_status":"closed","ping_status":"closed","template":"es-templates\/panaya.php","meta":{"footnotes":""},"class_list":["post-18353","page","type-page","status-publish","hentry"],"yoast_head":"<!-- This site is optimized with the Yoast SEO plugin v27.3 - https:\/\/yoast.com\/product\/yoast-seo-wordpress\/ -->\n<title>Perspectivas de Panaya sobre la base de conocimientos privada interna de Document360<\/title>\n<meta name=\"description\" content=\"Yoni, Director de Educaci\u00f3n al Cliente en Panaya, comparte c\u00f3mo Document360 revolucion\u00f3 su compromiso con el cliente con una base de conocimientos interna intuitiva.\" \/>\n<meta name=\"robots\" content=\"index, follow, max-snippet:-1, max-image-preview:large, max-video-preview:-1\" \/>\n<link rel=\"canonical\" href=\"https:\/\/document360.com\/es\/panaya\/\" \/>\n<meta property=\"og:locale\" content=\"es_ES\" \/>\n<meta property=\"og:type\" content=\"article\" \/>\n<meta property=\"og:title\" content=\"Perspectivas de Panaya sobre la base de conocimientos privada interna de Document360\" \/>\n<meta property=\"og:description\" content=\"Yoni, Director de Educaci\u00f3n al Cliente en Panaya, comparte c\u00f3mo Document360 revolucion\u00f3 su compromiso con el cliente con una base de conocimientos interna intuitiva.\" \/>\n<meta property=\"og:url\" content=\"https:\/\/document360.com\/es\/panaya\/\" \/>\n<meta property=\"og:site_name\" content=\"Document360\" \/>\n<meta property=\"article:publisher\" content=\"https:\/\/www.facebook.com\/document360\/\" \/>\n<meta property=\"article:modified_time\" content=\"2026-04-02T09:27:38+00:00\" \/>\n<meta name=\"twitter:card\" content=\"summary_large_image\" \/>\n<meta name=\"twitter:site\" content=\"@document360\" \/>\n<script type=\"application\/ld+json\" class=\"yoast-schema-graph\">{\"@context\":\"https:\\\/\\\/schema.org\",\"@graph\":[{\"@type\":\"WebPage\",\"@id\":\"https:\\\/\\\/document360.com\\\/es\\\/panaya\\\/\",\"url\":\"https:\\\/\\\/document360.com\\\/es\\\/panaya\\\/\",\"name\":\"Perspectivas de Panaya sobre la base de conocimientos privada interna de Document360\",\"isPartOf\":{\"@id\":\"https:\\\/\\\/document360.com\\\/es\\\/#website\"},\"datePublished\":\"2024-05-28T12:17:07+00:00\",\"dateModified\":\"2026-04-02T09:27:38+00:00\",\"description\":\"Yoni, Director de Educaci\u00f3n al Cliente en Panaya, comparte c\u00f3mo Document360 revolucion\u00f3 su compromiso con el cliente con una base de conocimientos interna intuitiva.\",\"breadcrumb\":{\"@id\":\"https:\\\/\\\/document360.com\\\/es\\\/panaya\\\/#breadcrumb\"},\"inLanguage\":\"es\",\"potentialAction\":[{\"@type\":\"ReadAction\",\"target\":[\"https:\\\/\\\/document360.com\\\/es\\\/panaya\\\/\"]}]},{\"@type\":\"BreadcrumbList\",\"@id\":\"https:\\\/\\\/document360.com\\\/es\\\/panaya\\\/#breadcrumb\",\"itemListElement\":[{\"@type\":\"ListItem\",\"position\":1,\"name\":\"Home\",\"item\":\"https:\\\/\\\/document360.com\\\/es\\\/\"},{\"@type\":\"ListItem\",\"position\":2,\"name\":\"Panaya\"}]},{\"@type\":\"WebSite\",\"@id\":\"https:\\\/\\\/document360.com\\\/es\\\/#website\",\"url\":\"https:\\\/\\\/document360.com\\\/es\\\/\",\"name\":\"Document360\",\"description\":\"The knowledge base that scales with your product.\",\"publisher\":{\"@id\":\"https:\\\/\\\/document360.com\\\/es\\\/#organization\"},\"potentialAction\":[{\"@type\":\"SearchAction\",\"target\":{\"@type\":\"EntryPoint\",\"urlTemplate\":\"https:\\\/\\\/document360.com\\\/es\\\/?s={search_term_string}\"},\"query-input\":{\"@type\":\"PropertyValueSpecification\",\"valueRequired\":true,\"valueName\":\"search_term_string\"}}],\"inLanguage\":\"es\"},{\"@type\":\"Organization\",\"@id\":\"https:\\\/\\\/document360.com\\\/es\\\/#organization\",\"name\":\"Document360\",\"url\":\"https:\\\/\\\/document360.com\\\/es\\\/\",\"logo\":{\"@type\":\"ImageObject\",\"inLanguage\":\"es\",\"@id\":\"https:\\\/\\\/document360.com\\\/es\\\/#\\\/schema\\\/logo\\\/image\\\/\",\"url\":\"https:\\\/\\\/document360.com\\\/wp-content\\\/uploads\\\/2018\\\/06\\\/logo.png\",\"contentUrl\":\"https:\\\/\\\/document360.com\\\/wp-content\\\/uploads\\\/2018\\\/06\\\/logo.png\",\"width\":270,\"height\":35,\"caption\":\"Document360\"},\"image\":{\"@id\":\"https:\\\/\\\/document360.com\\\/es\\\/#\\\/schema\\\/logo\\\/image\\\/\"},\"sameAs\":[\"https:\\\/\\\/www.facebook.com\\\/document360\\\/\",\"https:\\\/\\\/x.com\\\/document360\",\"https:\\\/\\\/www.linkedin.com\\\/company\\\/document360\"]}]}<\/script>\n<!-- \/ Yoast SEO plugin. -->","yoast_head_json":{"title":"Perspectivas de Panaya sobre la base de conocimientos privada interna de Document360","description":"Yoni, Director de Educaci\u00f3n al Cliente en Panaya, comparte c\u00f3mo Document360 revolucion\u00f3 su compromiso con el cliente con una base de conocimientos interna intuitiva.","robots":{"index":"index","follow":"follow","max-snippet":"max-snippet:-1","max-image-preview":"max-image-preview:large","max-video-preview":"max-video-preview:-1"},"canonical":"https:\/\/document360.com\/es\/panaya\/","og_locale":"es_ES","og_type":"article","og_title":"Perspectivas de Panaya sobre la base de conocimientos privada interna de Document360","og_description":"Yoni, Director de Educaci\u00f3n al Cliente en Panaya, comparte c\u00f3mo Document360 revolucion\u00f3 su compromiso con el cliente con una base de conocimientos interna intuitiva.","og_url":"https:\/\/document360.com\/es\/panaya\/","og_site_name":"Document360","article_publisher":"https:\/\/www.facebook.com\/document360\/","article_modified_time":"2026-04-02T09:27:38+00:00","twitter_card":"summary_large_image","twitter_site":"@document360","schema":{"@context":"https:\/\/schema.org","@graph":[{"@type":"WebPage","@id":"https:\/\/document360.com\/es\/panaya\/","url":"https:\/\/document360.com\/es\/panaya\/","name":"Perspectivas de Panaya sobre la base de conocimientos privada interna de Document360","isPartOf":{"@id":"https:\/\/document360.com\/es\/#website"},"datePublished":"2024-05-28T12:17:07+00:00","dateModified":"2026-04-02T09:27:38+00:00","description":"Yoni, Director de Educaci\u00f3n al Cliente en Panaya, comparte c\u00f3mo Document360 revolucion\u00f3 su compromiso con el cliente con una base de conocimientos interna intuitiva.","breadcrumb":{"@id":"https:\/\/document360.com\/es\/panaya\/#breadcrumb"},"inLanguage":"es","potentialAction":[{"@type":"ReadAction","target":["https:\/\/document360.com\/es\/panaya\/"]}]},{"@type":"BreadcrumbList","@id":"https:\/\/document360.com\/es\/panaya\/#breadcrumb","itemListElement":[{"@type":"ListItem","position":1,"name":"Home","item":"https:\/\/document360.com\/es\/"},{"@type":"ListItem","position":2,"name":"Panaya"}]},{"@type":"WebSite","@id":"https:\/\/document360.com\/es\/#website","url":"https:\/\/document360.com\/es\/","name":"Document360","description":"The knowledge base that scales with your product.","publisher":{"@id":"https:\/\/document360.com\/es\/#organization"},"potentialAction":[{"@type":"SearchAction","target":{"@type":"EntryPoint","urlTemplate":"https:\/\/document360.com\/es\/?s={search_term_string}"},"query-input":{"@type":"PropertyValueSpecification","valueRequired":true,"valueName":"search_term_string"}}],"inLanguage":"es"},{"@type":"Organization","@id":"https:\/\/document360.com\/es\/#organization","name":"Document360","url":"https:\/\/document360.com\/es\/","logo":{"@type":"ImageObject","inLanguage":"es","@id":"https:\/\/document360.com\/es\/#\/schema\/logo\/image\/","url":"https:\/\/document360.com\/wp-content\/uploads\/2018\/06\/logo.png","contentUrl":"https:\/\/document360.com\/wp-content\/uploads\/2018\/06\/logo.png","width":270,"height":35,"caption":"Document360"},"image":{"@id":"https:\/\/document360.com\/es\/#\/schema\/logo\/image\/"},"sameAs":["https:\/\/www.facebook.com\/document360\/","https:\/\/x.com\/document360","https:\/\/www.linkedin.com\/company\/document360"]}]}},"_links":{"self":[{"href":"https:\/\/document360.com\/es\/wp-json\/wp\/v2\/pages\/18353","targetHints":{"allow":["GET"]}}],"collection":[{"href":"https:\/\/document360.com\/es\/wp-json\/wp\/v2\/pages"}],"about":[{"href":"https:\/\/document360.com\/es\/wp-json\/wp\/v2\/types\/page"}],"author":[{"embeddable":true,"href":"https:\/\/document360.com\/es\/wp-json\/wp\/v2\/users\/43"}],"replies":[{"embeddable":true,"href":"https:\/\/document360.com\/es\/wp-json\/wp\/v2\/comments?post=18353"}],"version-history":[{"count":0,"href":"https:\/\/document360.com\/es\/wp-json\/wp\/v2\/pages\/18353\/revisions"}],"wp:attachment":[{"href":"https:\/\/document360.com\/es\/wp-json\/wp\/v2\/media?parent=18353"}],"curies":[{"name":"wp","href":"https:\/\/api.w.org\/{rel}","templated":true}]}}